{"id":3335,"date":"2023-11-28T19:34:45","date_gmt":"2023-11-28T18:34:45","guid":{"rendered":"https:\/\/www.violatravel.cz\/the-town-of-kutna-hora-and-cesky-sternberk-castle\/"},"modified":"2024-02-11T16:41:27","modified_gmt":"2024-02-11T15:41:27","slug":"the-town-of-kutna-hora-and-cesky-sternberk-castle","status":"publish","type":"product","link":"https:\/\/www.violatravel.cz\/en\/the-town-of-kutna-hora-and-cesky-sternberk-castle\/","title":{"rendered":"The town of Kutn\u00e1 Hora and \u010cesk\u00fd \u0160ternberk Castle"},"content":{"rendered":"","protected":false},"excerpt":{"rendered":"<p>7 hours. VIP bus MB 5 persons.<\/p>\n<p>The economic fortress of the Czech Kingdom, a UNESCO monument, the Cathedral of St. St. Barbara&#8217;s Church, Boneyard, Mint.<br \/>\nDuring the excursion you will also visit the gothic castle of \u010cesk\u00fd \u0160ternberk. The medieval fortress of the ancient Sternberg family, whose descendants still live here today.<\/p>\n","protected":false},"featured_media":2873,"comment_status":"closed","ping_status":"closed","template":"","meta":[],"product_brand":[],"product_cat":[79],"product_tag":[],"class_list":{"0":"post-3335","1":"product","2":"type-product","3":"status-publish","4":"has-post-thumbnail","6":"product_cat-group-excursions","8":"first","9":"instock","10":"virtual","11":"purchasable","12":"product-type-simple"},"_links":{"self":[{"href":"https:\/\/www.violatravel.cz\/en\/wp-json\/wp\/v2\/product\/3335","targetHints":{"allow":["GET"]}}],"collection":[{"href":"https:\/\/www.violatravel.cz\/en\/wp-json\/wp\/v2\/product"}],"about":[{"href":"https:\/\/www.violatravel.cz\/en\/wp-json\/wp\/v2\/types\/product"}],"replies":[{"embeddable":true,"href":"https:\/\/www.violatravel.cz\/en\/wp-json\/wp\/v2\/comments?post=3335"}],"wp:featuredmedia":[{"embeddable":true,"href":"https:\/\/www.violatravel.cz\/en\/wp-json\/wp\/v2\/media\/2873"}],"wp:attachment":[{"href":"https:\/\/www.violatravel.cz\/en\/wp-json\/wp\/v2\/media?parent=3335"}],"wp:term":[{"taxonomy":"product_brand","embeddable":true,"href":"https:\/\/www.violatravel.cz\/en\/wp-json\/wp\/v2\/product_brand?post=3335"},{"taxonomy":"product_cat","embeddable":true,"href":"https:\/\/www.violatravel.cz\/en\/wp-json\/wp\/v2\/product_cat?post=3335"},{"taxonomy":"product_tag","embeddable":true,"href":"https:\/\/www.violatravel.cz\/en\/wp-json\/wp\/v2\/product_tag?post=3335"}],"curies":[{"name":"wp","href":"https:\/\/api.w.org\/{rel}","templated":true}]}}