{"id":3332,"date":"2023-11-28T19:40:27","date_gmt":"2023-11-28T18:40:27","guid":{"rendered":"https:\/\/www.violatravel.cz\/town-of-cesky-krumlov-and-hluboka-nad-vltavou-castle\/"},"modified":"2024-02-11T16:41:28","modified_gmt":"2024-02-11T15:41:28","slug":"town-of-cesky-krumlov-and-hluboka-nad-vltavou-castle","status":"publish","type":"product","link":"https:\/\/www.violatravel.cz\/en\/town-of-cesky-krumlov-and-hluboka-nad-vltavou-castle\/","title":{"rendered":"Town of \u010cesk\u00fd Krumlov and Hlubok\u00e1 nad Vltavou Castle"},"content":{"rendered":"","protected":false},"excerpt":{"rendered":"<p><span style=\"font-weight: 400;\">10 hours. VIP bus MB for 5 people<\/span><\/p>\n<p><span style=\"font-weight: 400;\">You will visit one of the most beautiful and romantic castles not only in the Czech Republic, but in the whole of Western Europe. Hlubok\u00e1 nad Vltavou Castle and the South Bohemian town of \u010cesk\u00fd Krumlov, which has preserved the true atmosphere of the Middle Ages. UNESCO World Heritage Site.<\/span><\/p>\n","protected":false},"featured_media":2883,"comment_status":"closed","ping_status":"closed","template":"","meta":[],"product_brand":[],"product_cat":[79],"product_tag":[],"class_list":{"0":"post-3332","1":"product","2":"type-product","3":"status-publish","4":"has-post-thumbnail","6":"product_cat-group-excursions","8":"first","9":"instock","10":"virtual","11":"purchasable","12":"product-type-simple"},"_links":{"self":[{"href":"https:\/\/www.violatravel.cz\/en\/wp-json\/wp\/v2\/product\/3332","targetHints":{"allow":["GET"]}}],"collection":[{"href":"https:\/\/www.violatravel.cz\/en\/wp-json\/wp\/v2\/product"}],"about":[{"href":"https:\/\/www.violatravel.cz\/en\/wp-json\/wp\/v2\/types\/product"}],"replies":[{"embeddable":true,"href":"https:\/\/www.violatravel.cz\/en\/wp-json\/wp\/v2\/comments?post=3332"}],"wp:featuredmedia":[{"embeddable":true,"href":"https:\/\/www.violatravel.cz\/en\/wp-json\/wp\/v2\/media\/2883"}],"wp:attachment":[{"href":"https:\/\/www.violatravel.cz\/en\/wp-json\/wp\/v2\/media?parent=3332"}],"wp:term":[{"taxonomy":"product_brand","embeddable":true,"href":"https:\/\/www.violatravel.cz\/en\/wp-json\/wp\/v2\/product_brand?post=3332"},{"taxonomy":"product_cat","embeddable":true,"href":"https:\/\/www.violatravel.cz\/en\/wp-json\/wp\/v2\/product_cat?post=3332"},{"taxonomy":"product_tag","embeddable":true,"href":"https:\/\/www.violatravel.cz\/en\/wp-json\/wp\/v2\/product_tag?post=3332"}],"curies":[{"name":"wp","href":"https:\/\/api.w.org\/{rel}","templated":true}]}}