{"id":3322,"date":"2023-11-16T13:05:52","date_gmt":"2023-11-16T12:05:52","guid":{"rendered":"https:\/\/www.violatravel.cz\/prague-vysehrad\/"},"modified":"2024-02-11T16:41:25","modified_gmt":"2024-02-11T15:41:25","slug":"prague-vysehrad","status":"publish","type":"product","link":"https:\/\/www.violatravel.cz\/en\/prague-vysehrad\/","title":{"rendered":"Prague &#8211; Vy\u0161ehrad"},"content":{"rendered":"","protected":false},"excerpt":{"rendered":"<p>Walking tour\/transfer by VIP bus for 5 people.<\/p>\n<p>Sk\u00e1la nad Vltavou occupies a special place in the history of the Czech people. According to the legend, the Czech princely family of the P\u0159emyslids and the mythical Princess Libu\u0161e lived here and predicted the flourishing and world fame of the Czech metropolis. An ancient cemetery where the most famous personalities of Czech history are buried (Bed\u0159ich Smetana, Anton\u00edn Dvo\u0159\u00e1k, etc.)<\/p>\n","protected":false},"featured_media":2879,"comment_status":"closed","ping_status":"closed","template":"","meta":[],"product_brand":[],"product_cat":[79],"product_tag":[],"class_list":{"0":"post-3322","1":"product","2":"type-product","3":"status-publish","4":"has-post-thumbnail","6":"product_cat-group-excursions","8":"first","9":"instock","10":"virtual","11":"purchasable","12":"product-type-simple"},"_links":{"self":[{"href":"https:\/\/www.violatravel.cz\/en\/wp-json\/wp\/v2\/product\/3322","targetHints":{"allow":["GET"]}}],"collection":[{"href":"https:\/\/www.violatravel.cz\/en\/wp-json\/wp\/v2\/product"}],"about":[{"href":"https:\/\/www.violatravel.cz\/en\/wp-json\/wp\/v2\/types\/product"}],"replies":[{"embeddable":true,"href":"https:\/\/www.violatravel.cz\/en\/wp-json\/wp\/v2\/comments?post=3322"}],"wp:featuredmedia":[{"embeddable":true,"href":"https:\/\/www.violatravel.cz\/en\/wp-json\/wp\/v2\/media\/2879"}],"wp:attachment":[{"href":"https:\/\/www.violatravel.cz\/en\/wp-json\/wp\/v2\/media?parent=3322"}],"wp:term":[{"taxonomy":"product_brand","embeddable":true,"href":"https:\/\/www.violatravel.cz\/en\/wp-json\/wp\/v2\/product_brand?post=3322"},{"taxonomy":"product_cat","embeddable":true,"href":"https:\/\/www.violatravel.cz\/en\/wp-json\/wp\/v2\/product_cat?post=3322"},{"taxonomy":"product_tag","embeddable":true,"href":"https:\/\/www.violatravel.cz\/en\/wp-json\/wp\/v2\/product_tag?post=3322"}],"curies":[{"name":"wp","href":"https:\/\/api.w.org\/{rel}","templated":true}]}}